{"id":90,"date":"2023-02-04T15:46:02","date_gmt":"2023-02-04T14:46:02","guid":{"rendered":"https:\/\/www.wiesler-emlichheim.de\/?page_id=90"},"modified":"2023-04-17T16:58:11","modified_gmt":"2023-04-17T14:58:11","slug":"blueten-im-winter","status":"publish","type":"page","link":"https:\/\/www.wiesler-emlichheim.de\/?page_id=90","title":{"rendered":"Bl\u00fcten im Winter"},"content":{"rendered":"<p>Fr\u00fchling: 20. M\u00e4rz \u2013 20.Juni ; Sommer: 21. Juni \u2013 22. September;<br \/>\nHerbst: 23. September \u2013 21.Dezember ; <span style=\"font-size: 14pt;\"><strong>Winter: 22. Dezember \u2013 19.M\u00e4rz<\/strong><\/span><\/p>\n<p style=\"text-align: center;\"><img loading=\"lazy\" decoding=\"async\" class=\"size-large wp-image-92 aligncenter\" src=\"https:\/\/www.wiesler-emlichheim.de\/wp-content\/uploads\/2023\/02\/Winter-1-1024x811.jpg\" alt=\"\" width=\"584\" height=\"463\" srcset=\"https:\/\/www.wiesler-emlichheim.de\/wp-content\/uploads\/2023\/02\/Winter-1-1024x811.jpg 1024w, https:\/\/www.wiesler-emlichheim.de\/wp-content\/uploads\/2023\/02\/Winter-1-300x238.jpg 300w, https:\/\/www.wiesler-emlichheim.de\/wp-content\/uploads\/2023\/02\/Winter-1-768x608.jpg 768w, https:\/\/www.wiesler-emlichheim.de\/wp-content\/uploads\/2023\/02\/Winter-1-1536x1217.jpg 1536w, https:\/\/www.wiesler-emlichheim.de\/wp-content\/uploads\/2023\/02\/Winter-1-2048x1622.jpg 2048w, https:\/\/www.wiesler-emlichheim.de\/wp-content\/uploads\/2023\/02\/Winter-1-379x300.jpg 379w\" sizes=\"auto, (max-width: 584px) 100vw, 584px\" \/><\/p>\n<p>&nbsp;<\/p>\n<p><img loading=\"lazy\" decoding=\"async\" class=\"size-large wp-image-93 aligncenter\" src=\"https:\/\/www.wiesler-emlichheim.de\/wp-content\/uploads\/2023\/02\/Winter-2-1024x914.jpg\" alt=\"\" width=\"584\" height=\"521\" srcset=\"https:\/\/www.wiesler-emlichheim.de\/wp-content\/uploads\/2023\/02\/Winter-2-1024x914.jpg 1024w, https:\/\/www.wiesler-emlichheim.de\/wp-content\/uploads\/2023\/02\/Winter-2-300x268.jpg 300w, https:\/\/www.wiesler-emlichheim.de\/wp-content\/uploads\/2023\/02\/Winter-2-768x685.jpg 768w, https:\/\/www.wiesler-emlichheim.de\/wp-content\/uploads\/2023\/02\/Winter-2-1536x1370.jpg 1536w, https:\/\/www.wiesler-emlichheim.de\/wp-content\/uploads\/2023\/02\/Winter-2-2048x1827.jpg 2048w, https:\/\/www.wiesler-emlichheim.de\/wp-content\/uploads\/2023\/02\/Winter-2-336x300.jpg 336w\" sizes=\"auto, (max-width: 584px) 100vw, 584px\" \/><\/p>\n<p><img loading=\"lazy\" decoding=\"async\" class=\"size-large wp-image-130 aligncenter\" src=\"https:\/\/www.wiesler-emlichheim.de\/wp-content\/uploads\/2023\/02\/Winter3-1024x683.jpg\" alt=\"\" width=\"584\" height=\"390\" srcset=\"https:\/\/www.wiesler-emlichheim.de\/wp-content\/uploads\/2023\/02\/Winter3-1024x683.jpg 1024w, https:\/\/www.wiesler-emlichheim.de\/wp-content\/uploads\/2023\/02\/Winter3-300x200.jpg 300w, https:\/\/www.wiesler-emlichheim.de\/wp-content\/uploads\/2023\/02\/Winter3-768x512.jpg 768w, https:\/\/www.wiesler-emlichheim.de\/wp-content\/uploads\/2023\/02\/Winter3-1536x1024.jpg 1536w, https:\/\/www.wiesler-emlichheim.de\/wp-content\/uploads\/2023\/02\/Winter3-2048x1365.jpg 2048w, https:\/\/www.wiesler-emlichheim.de\/wp-content\/uploads\/2023\/02\/Winter3-450x300.jpg 450w\" sizes=\"auto, (max-width: 584px) 100vw, 584px\" \/><\/p>\n<p><img loading=\"lazy\" decoding=\"async\" class=\"alignnone size-large wp-image-326\" src=\"https:\/\/www.wiesler-emlichheim.de\/wp-content\/uploads\/2023\/04\/blauer-1024x978.jpg\" alt=\"\" width=\"584\" height=\"558\" srcset=\"https:\/\/www.wiesler-emlichheim.de\/wp-content\/uploads\/2023\/04\/blauer-1024x978.jpg 1024w, https:\/\/www.wiesler-emlichheim.de\/wp-content\/uploads\/2023\/04\/blauer-300x286.jpg 300w, https:\/\/www.wiesler-emlichheim.de\/wp-content\/uploads\/2023\/04\/blauer-768x733.jpg 768w, https:\/\/www.wiesler-emlichheim.de\/wp-content\/uploads\/2023\/04\/blauer-314x300.jpg 314w, https:\/\/www.wiesler-emlichheim.de\/wp-content\/uploads\/2023\/04\/blauer.jpg 1465w\" sizes=\"auto, (max-width: 584px) 100vw, 584px\" \/><\/p>\n<p><img loading=\"lazy\" decoding=\"async\" class=\"alignnone size-full wp-image-60\" src=\"https:\/\/www.wiesler-emlichheim.de\/wp-content\/uploads\/2022\/05\/krokus1.jpg\" alt=\"\" width=\"640\" height=\"501\" srcset=\"https:\/\/www.wiesler-emlichheim.de\/wp-content\/uploads\/2022\/05\/krokus1.jpg 640w, https:\/\/www.wiesler-emlichheim.de\/wp-content\/uploads\/2022\/05\/krokus1-300x235.jpg 300w, https:\/\/www.wiesler-emlichheim.de\/wp-content\/uploads\/2022\/05\/krokus1-383x300.jpg 383w\" sizes=\"auto, (max-width: 640px) 100vw, 640px\" \/><\/p>\n<p><img loading=\"lazy\" decoding=\"async\" class=\"alignnone size-large wp-image-193\" src=\"https:\/\/www.wiesler-emlichheim.de\/wp-content\/uploads\/2023\/02\/krokus2-1024x683.jpg\" alt=\"\" width=\"584\" height=\"390\" srcset=\"https:\/\/www.wiesler-emlichheim.de\/wp-content\/uploads\/2023\/02\/krokus2-1024x683.jpg 1024w, https:\/\/www.wiesler-emlichheim.de\/wp-content\/uploads\/2023\/02\/krokus2-300x200.jpg 300w, https:\/\/www.wiesler-emlichheim.de\/wp-content\/uploads\/2023\/02\/krokus2-768x512.jpg 768w, https:\/\/www.wiesler-emlichheim.de\/wp-content\/uploads\/2023\/02\/krokus2-450x300.jpg 450w, https:\/\/www.wiesler-emlichheim.de\/wp-content\/uploads\/2023\/02\/krokus2.jpg 1166w\" sizes=\"auto, (max-width: 584px) 100vw, 584px\" \/><\/p>\n<p><img loading=\"lazy\" decoding=\"async\" class=\"alignnone size-full wp-image-200\" src=\"https:\/\/www.wiesler-emlichheim.de\/wp-content\/uploads\/2023\/02\/For.jpg\" alt=\"\" width=\"960\" height=\"639\" srcset=\"https:\/\/www.wiesler-emlichheim.de\/wp-content\/uploads\/2023\/02\/For.jpg 960w, https:\/\/www.wiesler-emlichheim.de\/wp-content\/uploads\/2023\/02\/For-300x200.jpg 300w, https:\/\/www.wiesler-emlichheim.de\/wp-content\/uploads\/2023\/02\/For-768x511.jpg 768w, https:\/\/www.wiesler-emlichheim.de\/wp-content\/uploads\/2023\/02\/For-451x300.jpg 451w\" sizes=\"auto, (max-width: 960px) 100vw, 960px\" \/><\/p>\n<p>&nbsp;<\/p>\n<p>&nbsp;<\/p>\n","protected":false},"excerpt":{"rendered":"<p>Fr\u00fchling: 20. M\u00e4rz \u2013 20.Juni ; Sommer: 21. Juni \u2013 22. September; Herbst: 23. September \u2013 21.Dezember ; Winter: 22. Dezember \u2013 19.M\u00e4rz &nbsp; &nbsp; &nbsp;<\/p>\n","protected":false},"author":2,"featured_media":0,"parent":0,"menu_order":0,"comment_status":"closed","ping_status":"closed","template":"","meta":{"footnotes":""},"class_list":["post-90","page","type-page","status-publish","hentry"],"_links":{"self":[{"href":"https:\/\/www.wiesler-emlichheim.de\/index.php?rest_route=\/wp\/v2\/pages\/90","targetHints":{"allow":["GET"]}}],"collection":[{"href":"https:\/\/www.wiesler-emlichheim.de\/index.php?rest_route=\/wp\/v2\/pages"}],"about":[{"href":"https:\/\/www.wiesler-emlichheim.de\/index.php?rest_route=\/wp\/v2\/types\/page"}],"author":[{"embeddable":true,"href":"https:\/\/www.wiesler-emlichheim.de\/index.php?rest_route=\/wp\/v2\/users\/2"}],"replies":[{"embeddable":true,"href":"https:\/\/www.wiesler-emlichheim.de\/index.php?rest_route=%2Fwp%2Fv2%2Fcomments&post=90"}],"version-history":[{"count":12,"href":"https:\/\/www.wiesler-emlichheim.de\/index.php?rest_route=\/wp\/v2\/pages\/90\/revisions"}],"predecessor-version":[{"id":330,"href":"https:\/\/www.wiesler-emlichheim.de\/index.php?rest_route=\/wp\/v2\/pages\/90\/revisions\/330"}],"wp:attachment":[{"href":"https:\/\/www.wiesler-emlichheim.de\/index.php?rest_route=%2Fwp%2Fv2%2Fmedia&parent=90"}],"curies":[{"name":"wp","href":"https:\/\/api.w.org\/{rel}","templated":true}]}}