{"id":88,"date":"2023-02-04T15:45:40","date_gmt":"2023-02-04T14:45:40","guid":{"rendered":"https:\/\/www.wiesler-emlichheim.de\/?page_id=88"},"modified":"2023-02-23T11:32:58","modified_gmt":"2023-02-23T10:32:58","slug":"blueten-im-herbst","status":"publish","type":"page","link":"https:\/\/www.wiesler-emlichheim.de\/?page_id=88","title":{"rendered":"Bl\u00fcten im Herbst"},"content":{"rendered":"<p>Fr\u00fchling: 20. M\u00e4rz \u2013 20.Juni ; Sommer: 21. Juni \u2013 22. September;<br \/>\n<span style=\"font-size: 14pt;\"><strong>Herbst: 23. September \u2013 21.Dezember<\/strong><\/span> ; Winter: 22. Dezember \u2013 19.M\u00e4rz<\/p>\n<p><img loading=\"lazy\" decoding=\"async\" class=\"alignnone size-full wp-image-120 aligncenter\" src=\"https:\/\/www.wiesler-emlichheim.de\/wp-content\/uploads\/2023\/02\/chrysan2.jpg\" alt=\"\" width=\"600\" height=\"463\" srcset=\"https:\/\/www.wiesler-emlichheim.de\/wp-content\/uploads\/2023\/02\/chrysan2.jpg 600w, https:\/\/www.wiesler-emlichheim.de\/wp-content\/uploads\/2023\/02\/chrysan2-300x232.jpg 300w, https:\/\/www.wiesler-emlichheim.de\/wp-content\/uploads\/2023\/02\/chrysan2-389x300.jpg 389w\" sizes=\"auto, (max-width: 600px) 100vw, 600px\" \/><\/p>\n<p><img loading=\"lazy\" decoding=\"async\" class=\"alignnone size-full wp-image-119\" src=\"https:\/\/www.wiesler-emlichheim.de\/wp-content\/uploads\/2023\/02\/chrysan.jpg\" alt=\"\" width=\"600\" height=\"428\" srcset=\"https:\/\/www.wiesler-emlichheim.de\/wp-content\/uploads\/2023\/02\/chrysan.jpg 600w, https:\/\/www.wiesler-emlichheim.de\/wp-content\/uploads\/2023\/02\/chrysan-300x214.jpg 300w, https:\/\/www.wiesler-emlichheim.de\/wp-content\/uploads\/2023\/02\/chrysan-421x300.jpg 421w\" sizes=\"auto, (max-width: 600px) 100vw, 600px\" \/><\/p>\n","protected":false},"excerpt":{"rendered":"<p>Fr\u00fchling: 20. M\u00e4rz \u2013 20.Juni ; Sommer: 21. Juni \u2013 22. September; Herbst: 23. September \u2013 21.Dezember ; Winter: 22. Dezember \u2013 19.M\u00e4rz<\/p>\n","protected":false},"author":2,"featured_media":0,"parent":0,"menu_order":0,"comment_status":"closed","ping_status":"closed","template":"","meta":{"footnotes":""},"class_list":["post-88","page","type-page","status-publish","hentry"],"_links":{"self":[{"href":"https:\/\/www.wiesler-emlichheim.de\/index.php?rest_route=\/wp\/v2\/pages\/88","targetHints":{"allow":["GET"]}}],"collection":[{"href":"https:\/\/www.wiesler-emlichheim.de\/index.php?rest_route=\/wp\/v2\/pages"}],"about":[{"href":"https:\/\/www.wiesler-emlichheim.de\/index.php?rest_route=\/wp\/v2\/types\/page"}],"author":[{"embeddable":true,"href":"https:\/\/www.wiesler-emlichheim.de\/index.php?rest_route=\/wp\/v2\/users\/2"}],"replies":[{"embeddable":true,"href":"https:\/\/www.wiesler-emlichheim.de\/index.php?rest_route=%2Fwp%2Fv2%2Fcomments&post=88"}],"version-history":[{"count":6,"href":"https:\/\/www.wiesler-emlichheim.de\/index.php?rest_route=\/wp\/v2\/pages\/88\/revisions"}],"predecessor-version":[{"id":226,"href":"https:\/\/www.wiesler-emlichheim.de\/index.php?rest_route=\/wp\/v2\/pages\/88\/revisions\/226"}],"wp:attachment":[{"href":"https:\/\/www.wiesler-emlichheim.de\/index.php?rest_route=%2Fwp%2Fv2%2Fmedia&parent=88"}],"curies":[{"name":"wp","href":"https:\/\/api.w.org\/{rel}","templated":true}]}}