{"id":86,"date":"2023-02-04T15:45:09","date_gmt":"2023-02-04T14:45:09","guid":{"rendered":"https:\/\/www.wiesler-emlichheim.de\/?page_id=86"},"modified":"2024-05-28T11:20:09","modified_gmt":"2024-05-28T09:20:09","slug":"blueten-im-sommer","status":"publish","type":"page","link":"https:\/\/www.wiesler-emlichheim.de\/?page_id=86","title":{"rendered":"Bl\u00fcten im Sommer"},"content":{"rendered":"<p>Fr\u00fchling: 20. M\u00e4rz \u2013 20.Juni ; <span style=\"font-size: 14pt;\"><strong>Sommer: 21. Juni \u2013 22. September<\/strong><\/span>;<br \/>\nHerbst: 23. September \u2013 21.Dezember ; Winter: 22. Dezember \u2013 19.M\u00e4rz<\/p>\n<p><img loading=\"lazy\" decoding=\"async\" class=\"alignnone size-full wp-image-363\" src=\"https:\/\/www.wiesler-emlichheim.de\/wp-content\/uploads\/2023\/07\/blaue-bluete.jpg\" alt=\"\" width=\"1388\" height=\"930\" srcset=\"https:\/\/www.wiesler-emlichheim.de\/wp-content\/uploads\/2023\/07\/blaue-bluete.jpg 1388w, https:\/\/www.wiesler-emlichheim.de\/wp-content\/uploads\/2023\/07\/blaue-bluete-300x201.jpg 300w, https:\/\/www.wiesler-emlichheim.de\/wp-content\/uploads\/2023\/07\/blaue-bluete-1024x686.jpg 1024w, https:\/\/www.wiesler-emlichheim.de\/wp-content\/uploads\/2023\/07\/blaue-bluete-768x515.jpg 768w, https:\/\/www.wiesler-emlichheim.de\/wp-content\/uploads\/2023\/07\/blaue-bluete-448x300.jpg 448w\" sizes=\"auto, (max-width: 1388px) 100vw, 1388px\" \/><\/p>\n<p><img loading=\"lazy\" decoding=\"async\" class=\"alignnone size-full wp-image-364\" src=\"https:\/\/www.wiesler-emlichheim.de\/wp-content\/uploads\/2023\/08\/Sommerflieder-scaled.jpg\" alt=\"\" width=\"1707\" height=\"2560\" srcset=\"https:\/\/www.wiesler-emlichheim.de\/wp-content\/uploads\/2023\/08\/Sommerflieder-scaled.jpg 1707w, https:\/\/www.wiesler-emlichheim.de\/wp-content\/uploads\/2023\/08\/Sommerflieder-200x300.jpg 200w, https:\/\/www.wiesler-emlichheim.de\/wp-content\/uploads\/2023\/08\/Sommerflieder-683x1024.jpg 683w, https:\/\/www.wiesler-emlichheim.de\/wp-content\/uploads\/2023\/08\/Sommerflieder-768x1152.jpg 768w, https:\/\/www.wiesler-emlichheim.de\/wp-content\/uploads\/2023\/08\/Sommerflieder-1024x1536.jpg 1024w, https:\/\/www.wiesler-emlichheim.de\/wp-content\/uploads\/2023\/08\/Sommerflieder-1365x2048.jpg 1365w\" sizes=\"auto, (max-width: 1707px) 100vw, 1707px\" \/><\/p>\n<p><img loading=\"lazy\" decoding=\"async\" class=\"alignnone size-full wp-image-121\" src=\"https:\/\/www.wiesler-emlichheim.de\/wp-content\/uploads\/2023\/02\/rose0.jpg\" alt=\"\" width=\"640\" height=\"515\" srcset=\"https:\/\/www.wiesler-emlichheim.de\/wp-content\/uploads\/2023\/02\/rose0.jpg 640w, https:\/\/www.wiesler-emlichheim.de\/wp-content\/uploads\/2023\/02\/rose0-300x241.jpg 300w, https:\/\/www.wiesler-emlichheim.de\/wp-content\/uploads\/2023\/02\/rose0-373x300.jpg 373w\" sizes=\"auto, (max-width: 640px) 100vw, 640px\" \/><\/p>\n<p><img loading=\"lazy\" decoding=\"async\" class=\"alignnone size-full wp-image-123\" src=\"https:\/\/www.wiesler-emlichheim.de\/wp-content\/uploads\/2023\/02\/rose2.jpg\" alt=\"\" width=\"640\" height=\"620\" srcset=\"https:\/\/www.wiesler-emlichheim.de\/wp-content\/uploads\/2023\/02\/rose2.jpg 640w, https:\/\/www.wiesler-emlichheim.de\/wp-content\/uploads\/2023\/02\/rose2-300x291.jpg 300w, https:\/\/www.wiesler-emlichheim.de\/wp-content\/uploads\/2023\/02\/rose2-310x300.jpg 310w\" sizes=\"auto, (max-width: 640px) 100vw, 640px\" \/><\/p>\n<p><img loading=\"lazy\" decoding=\"async\" class=\"alignnone size-large wp-image-357\" src=\"https:\/\/www.wiesler-emlichheim.de\/wp-content\/uploads\/2023\/07\/Rose7-1024x811.jpg\" alt=\"\" width=\"584\" height=\"463\" srcset=\"https:\/\/www.wiesler-emlichheim.de\/wp-content\/uploads\/2023\/07\/Rose7-1024x811.jpg 1024w, https:\/\/www.wiesler-emlichheim.de\/wp-content\/uploads\/2023\/07\/Rose7-300x238.jpg 300w, https:\/\/www.wiesler-emlichheim.de\/wp-content\/uploads\/2023\/07\/Rose7-768x608.jpg 768w, https:\/\/www.wiesler-emlichheim.de\/wp-content\/uploads\/2023\/07\/Rose7-1536x1216.jpg 1536w, https:\/\/www.wiesler-emlichheim.de\/wp-content\/uploads\/2023\/07\/Rose7-2048x1621.jpg 2048w, https:\/\/www.wiesler-emlichheim.de\/wp-content\/uploads\/2023\/07\/Rose7-379x300.jpg 379w\" sizes=\"auto, (max-width: 584px) 100vw, 584px\" \/><\/p>\n<p><img loading=\"lazy\" decoding=\"async\" class=\"alignnone size-large wp-image-354\" src=\"https:\/\/www.wiesler-emlichheim.de\/wp-content\/uploads\/2023\/07\/rose4-1024x806.jpg\" alt=\"\" width=\"584\" height=\"460\" srcset=\"https:\/\/www.wiesler-emlichheim.de\/wp-content\/uploads\/2023\/07\/rose4-1024x806.jpg 1024w, https:\/\/www.wiesler-emlichheim.de\/wp-content\/uploads\/2023\/07\/rose4-300x236.jpg 300w, https:\/\/www.wiesler-emlichheim.de\/wp-content\/uploads\/2023\/07\/rose4-768x604.jpg 768w, https:\/\/www.wiesler-emlichheim.de\/wp-content\/uploads\/2023\/07\/rose4-1536x1209.jpg 1536w, https:\/\/www.wiesler-emlichheim.de\/wp-content\/uploads\/2023\/07\/rose4-2048x1612.jpg 2048w, https:\/\/www.wiesler-emlichheim.de\/wp-content\/uploads\/2023\/07\/rose4-381x300.jpg 381w\" sizes=\"auto, (max-width: 584px) 100vw, 584px\" \/><\/p>\n<p><img loading=\"lazy\" decoding=\"async\" class=\"alignnone size-large wp-image-349\" src=\"https:\/\/www.wiesler-emlichheim.de\/wp-content\/uploads\/2023\/06\/Rose2-1024x786.jpg\" alt=\"\" width=\"584\" height=\"448\" srcset=\"https:\/\/www.wiesler-emlichheim.de\/wp-content\/uploads\/2023\/06\/Rose2-1024x786.jpg 1024w, https:\/\/www.wiesler-emlichheim.de\/wp-content\/uploads\/2023\/06\/Rose2-300x230.jpg 300w, https:\/\/www.wiesler-emlichheim.de\/wp-content\/uploads\/2023\/06\/Rose2-768x589.jpg 768w, https:\/\/www.wiesler-emlichheim.de\/wp-content\/uploads\/2023\/06\/Rose2-1536x1178.jpg 1536w, https:\/\/www.wiesler-emlichheim.de\/wp-content\/uploads\/2023\/06\/Rose2-2048x1571.jpg 2048w, https:\/\/www.wiesler-emlichheim.de\/wp-content\/uploads\/2023\/06\/Rose2-391x300.jpg 391w\" sizes=\"auto, (max-width: 584px) 100vw, 584px\" \/><\/p>\n<p><img loading=\"lazy\" decoding=\"async\" class=\"alignnone size-large wp-image-356\" src=\"https:\/\/www.wiesler-emlichheim.de\/wp-content\/uploads\/2023\/07\/Rose6-1024x763.jpg\" alt=\"\" width=\"584\" height=\"435\" srcset=\"https:\/\/www.wiesler-emlichheim.de\/wp-content\/uploads\/2023\/07\/Rose6-1024x763.jpg 1024w, https:\/\/www.wiesler-emlichheim.de\/wp-content\/uploads\/2023\/07\/Rose6-300x223.jpg 300w, https:\/\/www.wiesler-emlichheim.de\/wp-content\/uploads\/2023\/07\/Rose6-768x572.jpg 768w, https:\/\/www.wiesler-emlichheim.de\/wp-content\/uploads\/2023\/07\/Rose6-1536x1144.jpg 1536w, https:\/\/www.wiesler-emlichheim.de\/wp-content\/uploads\/2023\/07\/Rose6-403x300.jpg 403w, https:\/\/www.wiesler-emlichheim.de\/wp-content\/uploads\/2023\/07\/Rose6.jpg 1817w\" sizes=\"auto, (max-width: 584px) 100vw, 584px\" \/><\/p>\n<p><img loading=\"lazy\" decoding=\"async\" class=\"alignnone size-large wp-image-360\" src=\"https:\/\/www.wiesler-emlichheim.de\/wp-content\/uploads\/2023\/07\/Distel-1024x877.jpg\" alt=\"\" width=\"584\" height=\"500\" srcset=\"https:\/\/www.wiesler-emlichheim.de\/wp-content\/uploads\/2023\/07\/Distel-1024x877.jpg 1024w, https:\/\/www.wiesler-emlichheim.de\/wp-content\/uploads\/2023\/07\/Distel-300x257.jpg 300w, https:\/\/www.wiesler-emlichheim.de\/wp-content\/uploads\/2023\/07\/Distel-768x658.jpg 768w, https:\/\/www.wiesler-emlichheim.de\/wp-content\/uploads\/2023\/07\/Distel-1536x1316.jpg 1536w, https:\/\/www.wiesler-emlichheim.de\/wp-content\/uploads\/2023\/07\/Distel-350x300.jpg 350w, https:\/\/www.wiesler-emlichheim.de\/wp-content\/uploads\/2023\/07\/Distel.jpg 2038w\" sizes=\"auto, (max-width: 584px) 100vw, 584px\" \/><\/p>\n<p><img loading=\"lazy\" decoding=\"async\" class=\"alignnone size-large wp-image-352\" src=\"https:\/\/www.wiesler-emlichheim.de\/wp-content\/uploads\/2023\/07\/mohn-1024x756.jpg\" alt=\"\" width=\"584\" height=\"431\" srcset=\"https:\/\/www.wiesler-emlichheim.de\/wp-content\/uploads\/2023\/07\/mohn-1024x756.jpg 1024w, https:\/\/www.wiesler-emlichheim.de\/wp-content\/uploads\/2023\/07\/mohn-300x221.jpg 300w, https:\/\/www.wiesler-emlichheim.de\/wp-content\/uploads\/2023\/07\/mohn-768x567.jpg 768w, https:\/\/www.wiesler-emlichheim.de\/wp-content\/uploads\/2023\/07\/mohn-1536x1134.jpg 1536w, https:\/\/www.wiesler-emlichheim.de\/wp-content\/uploads\/2023\/07\/mohn-2048x1511.jpg 2048w, https:\/\/www.wiesler-emlichheim.de\/wp-content\/uploads\/2023\/07\/mohn-407x300.jpg 407w\" sizes=\"auto, (max-width: 584px) 100vw, 584px\" \/><\/p>\n<p><img loading=\"lazy\" decoding=\"async\" class=\"alignnone size-large wp-image-351\" src=\"https:\/\/www.wiesler-emlichheim.de\/wp-content\/uploads\/2023\/07\/margaruite-1024x765.jpg\" alt=\"\" width=\"584\" height=\"436\" srcset=\"https:\/\/www.wiesler-emlichheim.de\/wp-content\/uploads\/2023\/07\/margaruite-1024x765.jpg 1024w, https:\/\/www.wiesler-emlichheim.de\/wp-content\/uploads\/2023\/07\/margaruite-300x224.jpg 300w, https:\/\/www.wiesler-emlichheim.de\/wp-content\/uploads\/2023\/07\/margaruite-768x574.jpg 768w, https:\/\/www.wiesler-emlichheim.de\/wp-content\/uploads\/2023\/07\/margaruite-1536x1147.jpg 1536w, https:\/\/www.wiesler-emlichheim.de\/wp-content\/uploads\/2023\/07\/margaruite-402x300.jpg 402w, https:\/\/www.wiesler-emlichheim.de\/wp-content\/uploads\/2023\/07\/margaruite.jpg 1936w\" sizes=\"auto, (max-width: 584px) 100vw, 584px\" \/><\/p>\n<p><img loading=\"lazy\" decoding=\"async\" class=\"alignnone size-large wp-image-353\" src=\"https:\/\/www.wiesler-emlichheim.de\/wp-content\/uploads\/2023\/07\/Pflox-1024x683.jpg\" alt=\"\" width=\"584\" height=\"390\" srcset=\"https:\/\/www.wiesler-emlichheim.de\/wp-content\/uploads\/2023\/07\/Pflox-1024x683.jpg 1024w, https:\/\/www.wiesler-emlichheim.de\/wp-content\/uploads\/2023\/07\/Pflox-300x200.jpg 300w, https:\/\/www.wiesler-emlichheim.de\/wp-content\/uploads\/2023\/07\/Pflox-768x512.jpg 768w, https:\/\/www.wiesler-emlichheim.de\/wp-content\/uploads\/2023\/07\/Pflox-1536x1024.jpg 1536w, https:\/\/www.wiesler-emlichheim.de\/wp-content\/uploads\/2023\/07\/Pflox-2048x1365.jpg 2048w, https:\/\/www.wiesler-emlichheim.de\/wp-content\/uploads\/2023\/07\/Pflox-450x300.jpg 450w\" sizes=\"auto, (max-width: 584px) 100vw, 584px\" \/><\/p>\n<p><img loading=\"lazy\" decoding=\"async\" class=\"alignnone size-full wp-image-370\" src=\"https:\/\/www.wiesler-emlichheim.de\/wp-content\/uploads\/2023\/08\/Pflox2-scaled.jpg\" alt=\"\" width=\"2560\" height=\"2079\" srcset=\"https:\/\/www.wiesler-emlichheim.de\/wp-content\/uploads\/2023\/08\/Pflox2-scaled.jpg 2560w, https:\/\/www.wiesler-emlichheim.de\/wp-content\/uploads\/2023\/08\/Pflox2-300x244.jpg 300w, https:\/\/www.wiesler-emlichheim.de\/wp-content\/uploads\/2023\/08\/Pflox2-1024x832.jpg 1024w, https:\/\/www.wiesler-emlichheim.de\/wp-content\/uploads\/2023\/08\/Pflox2-768x624.jpg 768w, https:\/\/www.wiesler-emlichheim.de\/wp-content\/uploads\/2023\/08\/Pflox2-1536x1248.jpg 1536w, https:\/\/www.wiesler-emlichheim.de\/wp-content\/uploads\/2023\/08\/Pflox2-2048x1663.jpg 2048w, https:\/\/www.wiesler-emlichheim.de\/wp-content\/uploads\/2023\/08\/Pflox2-369x300.jpg 369w\" sizes=\"auto, (max-width: 2560px) 100vw, 2560px\" \/><\/p>\n<p><img loading=\"lazy\" decoding=\"async\" class=\"alignnone size-full wp-image-124\" src=\"https:\/\/www.wiesler-emlichheim.de\/wp-content\/uploads\/2023\/02\/xyz.jpg\" alt=\"\" width=\"640\" height=\"505\" srcset=\"https:\/\/www.wiesler-emlichheim.de\/wp-content\/uploads\/2023\/02\/xyz.jpg 640w, https:\/\/www.wiesler-emlichheim.de\/wp-content\/uploads\/2023\/02\/xyz-300x237.jpg 300w, https:\/\/www.wiesler-emlichheim.de\/wp-content\/uploads\/2023\/02\/xyz-380x300.jpg 380w\" sizes=\"auto, (max-width: 640px) 100vw, 640px\" \/><\/p>\n<p><img loading=\"lazy\" decoding=\"async\" class=\"alignnone size-full wp-image-365\" src=\"https:\/\/www.wiesler-emlichheim.de\/wp-content\/uploads\/2023\/08\/unbekannt.jpg\" alt=\"\" width=\"2011\" height=\"1462\" srcset=\"https:\/\/www.wiesler-emlichheim.de\/wp-content\/uploads\/2023\/08\/unbekannt.jpg 2011w, https:\/\/www.wiesler-emlichheim.de\/wp-content\/uploads\/2023\/08\/unbekannt-300x218.jpg 300w, https:\/\/www.wiesler-emlichheim.de\/wp-content\/uploads\/2023\/08\/unbekannt-1024x744.jpg 1024w, https:\/\/www.wiesler-emlichheim.de\/wp-content\/uploads\/2023\/08\/unbekannt-768x558.jpg 768w, https:\/\/www.wiesler-emlichheim.de\/wp-content\/uploads\/2023\/08\/unbekannt-1536x1117.jpg 1536w, https:\/\/www.wiesler-emlichheim.de\/wp-content\/uploads\/2023\/08\/unbekannt-413x300.jpg 413w\" sizes=\"auto, (max-width: 2011px) 100vw, 2011px\" \/><\/p>\n<p><img loading=\"lazy\" decoding=\"async\" class=\"alignnone size-full wp-image-371\" src=\"https:\/\/www.wiesler-emlichheim.de\/wp-content\/uploads\/2023\/08\/Sonnenhut.jpg\" alt=\"\" width=\"2517\" height=\"2500\" srcset=\"https:\/\/www.wiesler-emlichheim.de\/wp-content\/uploads\/2023\/08\/Sonnenhut.jpg 2517w, https:\/\/www.wiesler-emlichheim.de\/wp-content\/uploads\/2023\/08\/Sonnenhut-300x298.jpg 300w, https:\/\/www.wiesler-emlichheim.de\/wp-content\/uploads\/2023\/08\/Sonnenhut-1024x1017.jpg 1024w, https:\/\/www.wiesler-emlichheim.de\/wp-content\/uploads\/2023\/08\/Sonnenhut-150x150.jpg 150w, https:\/\/www.wiesler-emlichheim.de\/wp-content\/uploads\/2023\/08\/Sonnenhut-768x763.jpg 768w, https:\/\/www.wiesler-emlichheim.de\/wp-content\/uploads\/2023\/08\/Sonnenhut-1536x1526.jpg 1536w, https:\/\/www.wiesler-emlichheim.de\/wp-content\/uploads\/2023\/08\/Sonnenhut-2048x2034.jpg 2048w, https:\/\/www.wiesler-emlichheim.de\/wp-content\/uploads\/2023\/08\/Sonnenhut-302x300.jpg 302w\" sizes=\"auto, (max-width: 2517px) 100vw, 2517px\" \/><\/p>\n<p><img loading=\"lazy\" decoding=\"async\" class=\"alignnone size-full wp-image-369\" src=\"https:\/\/www.wiesler-emlichheim.de\/wp-content\/uploads\/2023\/08\/Koenigskerze.jpg\" alt=\"\" width=\"2024\" height=\"1676\" srcset=\"https:\/\/www.wiesler-emlichheim.de\/wp-content\/uploads\/2023\/08\/Koenigskerze.jpg 2024w, https:\/\/www.wiesler-emlichheim.de\/wp-content\/uploads\/2023\/08\/Koenigskerze-300x248.jpg 300w, https:\/\/www.wiesler-emlichheim.de\/wp-content\/uploads\/2023\/08\/Koenigskerze-1024x848.jpg 1024w, https:\/\/www.wiesler-emlichheim.de\/wp-content\/uploads\/2023\/08\/Koenigskerze-768x636.jpg 768w, https:\/\/www.wiesler-emlichheim.de\/wp-content\/uploads\/2023\/08\/Koenigskerze-1536x1272.jpg 1536w, https:\/\/www.wiesler-emlichheim.de\/wp-content\/uploads\/2023\/08\/Koenigskerze-362x300.jpg 362w\" sizes=\"auto, (max-width: 2024px) 100vw, 2024px\" \/><\/p>\n<p><img loading=\"lazy\" decoding=\"async\" class=\"alignnone size-full wp-image-380\" src=\"https:\/\/www.wiesler-emlichheim.de\/wp-content\/uploads\/2023\/08\/Seerose.jpg\" alt=\"\" width=\"1309\" height=\"1269\" srcset=\"https:\/\/www.wiesler-emlichheim.de\/wp-content\/uploads\/2023\/08\/Seerose.jpg 1309w, https:\/\/www.wiesler-emlichheim.de\/wp-content\/uploads\/2023\/08\/Seerose-300x291.jpg 300w, https:\/\/www.wiesler-emlichheim.de\/wp-content\/uploads\/2023\/08\/Seerose-1024x993.jpg 1024w, https:\/\/www.wiesler-emlichheim.de\/wp-content\/uploads\/2023\/08\/Seerose-768x745.jpg 768w, https:\/\/www.wiesler-emlichheim.de\/wp-content\/uploads\/2023\/08\/Seerose-309x300.jpg 309w\" sizes=\"auto, (max-width: 1309px) 100vw, 1309px\" \/><\/p>\n<p><img loading=\"lazy\" decoding=\"async\" class=\"alignnone size-full wp-image-379\" src=\"https:\/\/www.wiesler-emlichheim.de\/wp-content\/uploads\/2023\/08\/Malve-scaled.jpg\" alt=\"\" width=\"2560\" height=\"2236\" srcset=\"https:\/\/www.wiesler-emlichheim.de\/wp-content\/uploads\/2023\/08\/Malve-scaled.jpg 2560w, https:\/\/www.wiesler-emlichheim.de\/wp-content\/uploads\/2023\/08\/Malve-300x262.jpg 300w, https:\/\/www.wiesler-emlichheim.de\/wp-content\/uploads\/2023\/08\/Malve-1024x894.jpg 1024w, https:\/\/www.wiesler-emlichheim.de\/wp-content\/uploads\/2023\/08\/Malve-768x671.jpg 768w, https:\/\/www.wiesler-emlichheim.de\/wp-content\/uploads\/2023\/08\/Malve-1536x1341.jpg 1536w, https:\/\/www.wiesler-emlichheim.de\/wp-content\/uploads\/2023\/08\/Malve-2048x1789.jpg 2048w, https:\/\/www.wiesler-emlichheim.de\/wp-content\/uploads\/2023\/08\/Malve-343x300.jpg 343w\" sizes=\"auto, (max-width: 2560px) 100vw, 2560px\" \/><\/p>\n<p><img loading=\"lazy\" decoding=\"async\" class=\"alignnone size-full wp-image-382\" src=\"https:\/\/www.wiesler-emlichheim.de\/wp-content\/uploads\/2023\/08\/Hortensie-weiss-Rispe.jpg\" alt=\"\" width=\"2400\" height=\"2050\" srcset=\"https:\/\/www.wiesler-emlichheim.de\/wp-content\/uploads\/2023\/08\/Hortensie-weiss-Rispe.jpg 2400w, https:\/\/www.wiesler-emlichheim.de\/wp-content\/uploads\/2023\/08\/Hortensie-weiss-Rispe-300x256.jpg 300w, https:\/\/www.wiesler-emlichheim.de\/wp-content\/uploads\/2023\/08\/Hortensie-weiss-Rispe-1024x875.jpg 1024w, https:\/\/www.wiesler-emlichheim.de\/wp-content\/uploads\/2023\/08\/Hortensie-weiss-Rispe-768x656.jpg 768w, https:\/\/www.wiesler-emlichheim.de\/wp-content\/uploads\/2023\/08\/Hortensie-weiss-Rispe-1536x1312.jpg 1536w, https:\/\/www.wiesler-emlichheim.de\/wp-content\/uploads\/2023\/08\/Hortensie-weiss-Rispe-2048x1749.jpg 2048w, https:\/\/www.wiesler-emlichheim.de\/wp-content\/uploads\/2023\/08\/Hortensie-weiss-Rispe-351x300.jpg 351w\" sizes=\"auto, (max-width: 2400px) 100vw, 2400px\" \/><\/p>\n<p><img loading=\"lazy\" decoding=\"async\" class=\"alignnone size-large wp-image-477\" src=\"https:\/\/www.wiesler-emlichheim.de\/wp-content\/uploads\/2024\/05\/202405282-1024x1002.jpg\" alt=\"\" width=\"584\" height=\"571\" srcset=\"https:\/\/www.wiesler-emlichheim.de\/wp-content\/uploads\/2024\/05\/202405282-1024x1002.jpg 1024w, https:\/\/www.wiesler-emlichheim.de\/wp-content\/uploads\/2024\/05\/202405282-300x294.jpg 300w, https:\/\/www.wiesler-emlichheim.de\/wp-content\/uploads\/2024\/05\/202405282-768x752.jpg 768w, https:\/\/www.wiesler-emlichheim.de\/wp-content\/uploads\/2024\/05\/202405282-1536x1503.jpg 1536w, https:\/\/www.wiesler-emlichheim.de\/wp-content\/uploads\/2024\/05\/202405282-307x300.jpg 307w, https:\/\/www.wiesler-emlichheim.de\/wp-content\/uploads\/2024\/05\/202405282.jpg 1732w\" sizes=\"auto, (max-width: 584px) 100vw, 584px\" \/><\/p>\n<p><img loading=\"lazy\" decoding=\"async\" class=\"alignnone size-large wp-image-480\" src=\"https:\/\/www.wiesler-emlichheim.de\/wp-content\/uploads\/2024\/05\/202405285-1024x683.jpg\" alt=\"\" width=\"584\" height=\"390\" srcset=\"https:\/\/www.wiesler-emlichheim.de\/wp-content\/uploads\/2024\/05\/202405285-1024x683.jpg 1024w, https:\/\/www.wiesler-emlichheim.de\/wp-content\/uploads\/2024\/05\/202405285-300x200.jpg 300w, https:\/\/www.wiesler-emlichheim.de\/wp-content\/uploads\/2024\/05\/202405285-768x512.jpg 768w, https:\/\/www.wiesler-emlichheim.de\/wp-content\/uploads\/2024\/05\/202405285-1536x1024.jpg 1536w, https:\/\/www.wiesler-emlichheim.de\/wp-content\/uploads\/2024\/05\/202405285-2048x1365.jpg 2048w, https:\/\/www.wiesler-emlichheim.de\/wp-content\/uploads\/2024\/05\/202405285-450x300.jpg 450w\" sizes=\"auto, (max-width: 584px) 100vw, 584px\" \/><\/p>\n<p><img loading=\"lazy\" decoding=\"async\" class=\"alignnone size-large wp-image-479\" src=\"https:\/\/www.wiesler-emlichheim.de\/wp-content\/uploads\/2024\/05\/202405284-1024x783.jpg\" alt=\"\" width=\"584\" height=\"447\" srcset=\"https:\/\/www.wiesler-emlichheim.de\/wp-content\/uploads\/2024\/05\/202405284-1024x783.jpg 1024w, https:\/\/www.wiesler-emlichheim.de\/wp-content\/uploads\/2024\/05\/202405284-300x229.jpg 300w, https:\/\/www.wiesler-emlichheim.de\/wp-content\/uploads\/2024\/05\/202405284-768x587.jpg 768w, https:\/\/www.wiesler-emlichheim.de\/wp-content\/uploads\/2024\/05\/202405284-1536x1174.jpg 1536w, https:\/\/www.wiesler-emlichheim.de\/wp-content\/uploads\/2024\/05\/202405284-392x300.jpg 392w, https:\/\/www.wiesler-emlichheim.de\/wp-content\/uploads\/2024\/05\/202405284.jpg 1742w\" sizes=\"auto, (max-width: 584px) 100vw, 584px\" \/><\/p>\n<p>&nbsp;<\/p>\n<p>&nbsp;<\/p>\n","protected":false},"excerpt":{"rendered":"<p>Fr\u00fchling: 20. M\u00e4rz \u2013 20.Juni ; Sommer: 21. Juni \u2013 22. September; Herbst: 23. September \u2013 21.Dezember ; Winter: 22. Dezember \u2013 19.M\u00e4rz &nbsp; &nbsp;<\/p>\n","protected":false},"author":2,"featured_media":0,"parent":0,"menu_order":0,"comment_status":"closed","ping_status":"closed","template":"","meta":{"footnotes":""},"class_list":["post-86","page","type-page","status-publish","hentry"],"_links":{"self":[{"href":"https:\/\/www.wiesler-emlichheim.de\/index.php?rest_route=\/wp\/v2\/pages\/86","targetHints":{"allow":["GET"]}}],"collection":[{"href":"https:\/\/www.wiesler-emlichheim.de\/index.php?rest_route=\/wp\/v2\/pages"}],"about":[{"href":"https:\/\/www.wiesler-emlichheim.de\/index.php?rest_route=\/wp\/v2\/types\/page"}],"author":[{"embeddable":true,"href":"https:\/\/www.wiesler-emlichheim.de\/index.php?rest_route=\/wp\/v2\/users\/2"}],"replies":[{"embeddable":true,"href":"https:\/\/www.wiesler-emlichheim.de\/index.php?rest_route=%2Fwp%2Fv2%2Fcomments&post=86"}],"version-history":[{"count":18,"href":"https:\/\/www.wiesler-emlichheim.de\/index.php?rest_route=\/wp\/v2\/pages\/86\/revisions"}],"predecessor-version":[{"id":484,"href":"https:\/\/www.wiesler-emlichheim.de\/index.php?rest_route=\/wp\/v2\/pages\/86\/revisions\/484"}],"wp:attachment":[{"href":"https:\/\/www.wiesler-emlichheim.de\/index.php?rest_route=%2Fwp%2Fv2%2Fmedia&parent=86"}],"curies":[{"name":"wp","href":"https:\/\/api.w.org\/{rel}","templated":true}]}}