{"id":110,"date":"2023-02-04T17:40:48","date_gmt":"2023-02-04T16:40:48","guid":{"rendered":"https:\/\/www.wiesler-emlichheim.de\/?page_id=110"},"modified":"2023-05-10T11:04:15","modified_gmt":"2023-05-10T09:04:15","slug":"urlaub","status":"publish","type":"page","link":"https:\/\/www.wiesler-emlichheim.de\/?page_id=110","title":{"rendered":"Urlaub auf Juist"},"content":{"rendered":"<p style=\"text-align: center;\"><img loading=\"lazy\" decoding=\"async\" class=\"alignnone size-large wp-image-215\" src=\"https:\/\/www.wiesler-emlichheim.de\/wp-content\/uploads\/2023\/02\/Einfahrt-von-Juist-1024x504.jpg\" alt=\"\" width=\"584\" height=\"287\" srcset=\"https:\/\/www.wiesler-emlichheim.de\/wp-content\/uploads\/2023\/02\/Einfahrt-von-Juist-1024x504.jpg 1024w, https:\/\/www.wiesler-emlichheim.de\/wp-content\/uploads\/2023\/02\/Einfahrt-von-Juist-300x148.jpg 300w, https:\/\/www.wiesler-emlichheim.de\/wp-content\/uploads\/2023\/02\/Einfahrt-von-Juist-768x378.jpg 768w, https:\/\/www.wiesler-emlichheim.de\/wp-content\/uploads\/2023\/02\/Einfahrt-von-Juist-1536x756.jpg 1536w, https:\/\/www.wiesler-emlichheim.de\/wp-content\/uploads\/2023\/02\/Einfahrt-von-Juist-2048x1008.jpg 2048w, https:\/\/www.wiesler-emlichheim.de\/wp-content\/uploads\/2023\/02\/Einfahrt-von-Juist-500x246.jpg 500w\" sizes=\"auto, (max-width: 584px) 100vw, 584px\" \/><\/p>\n<p><img loading=\"lazy\" decoding=\"async\" class=\"alignnone size-large wp-image-213\" src=\"https:\/\/www.wiesler-emlichheim.de\/wp-content\/uploads\/2023\/02\/Juist-Hafeneinfahhrt-1024x765.jpg\" alt=\"\" width=\"584\" height=\"436\" srcset=\"https:\/\/www.wiesler-emlichheim.de\/wp-content\/uploads\/2023\/02\/Juist-Hafeneinfahhrt-1024x765.jpg 1024w, https:\/\/www.wiesler-emlichheim.de\/wp-content\/uploads\/2023\/02\/Juist-Hafeneinfahhrt-300x224.jpg 300w, https:\/\/www.wiesler-emlichheim.de\/wp-content\/uploads\/2023\/02\/Juist-Hafeneinfahhrt-768x574.jpg 768w, https:\/\/www.wiesler-emlichheim.de\/wp-content\/uploads\/2023\/02\/Juist-Hafeneinfahhrt-1536x1148.jpg 1536w, https:\/\/www.wiesler-emlichheim.de\/wp-content\/uploads\/2023\/02\/Juist-Hafeneinfahhrt-2048x1531.jpg 2048w, https:\/\/www.wiesler-emlichheim.de\/wp-content\/uploads\/2023\/02\/Juist-Hafeneinfahhrt-401x300.jpg 401w\" sizes=\"auto, (max-width: 584px) 100vw, 584px\" \/><\/p>\n<p style=\"text-align: center;\"><img loading=\"lazy\" decoding=\"async\" class=\"alignnone size-large wp-image-157\" src=\"https:\/\/www.wiesler-emlichheim.de\/wp-content\/uploads\/2023\/02\/juist-ferienwohnung-1024x673.jpg\" alt=\"\" width=\"584\" height=\"384\" srcset=\"https:\/\/www.wiesler-emlichheim.de\/wp-content\/uploads\/2023\/02\/juist-ferienwohnung-1024x673.jpg 1024w, https:\/\/www.wiesler-emlichheim.de\/wp-content\/uploads\/2023\/02\/juist-ferienwohnung-300x197.jpg 300w, https:\/\/www.wiesler-emlichheim.de\/wp-content\/uploads\/2023\/02\/juist-ferienwohnung-768x505.jpg 768w, https:\/\/www.wiesler-emlichheim.de\/wp-content\/uploads\/2023\/02\/juist-ferienwohnung-1536x1010.jpg 1536w, https:\/\/www.wiesler-emlichheim.de\/wp-content\/uploads\/2023\/02\/juist-ferienwohnung-2048x1347.jpg 2048w, https:\/\/www.wiesler-emlichheim.de\/wp-content\/uploads\/2023\/02\/juist-ferienwohnung-456x300.jpg 456w\" sizes=\"auto, (max-width: 584px) 100vw, 584px\" \/><\/p>\n<p><img loading=\"lazy\" decoding=\"async\" class=\"alignnone size-large wp-image-337\" src=\"https:\/\/www.wiesler-emlichheim.de\/wp-content\/uploads\/2023\/05\/Juist-Ingo-768x1024.jpg\" alt=\"\" width=\"584\" height=\"779\" srcset=\"https:\/\/www.wiesler-emlichheim.de\/wp-content\/uploads\/2023\/05\/Juist-Ingo-768x1024.jpg 768w, https:\/\/www.wiesler-emlichheim.de\/wp-content\/uploads\/2023\/05\/Juist-Ingo-225x300.jpg 225w, https:\/\/www.wiesler-emlichheim.de\/wp-content\/uploads\/2023\/05\/Juist-Ingo-1152x1536.jpg 1152w, https:\/\/www.wiesler-emlichheim.de\/wp-content\/uploads\/2023\/05\/Juist-Ingo-1536x2048.jpg 1536w, https:\/\/www.wiesler-emlichheim.de\/wp-content\/uploads\/2023\/05\/Juist-Ingo-scaled.jpg 1920w\" sizes=\"auto, (max-width: 584px) 100vw, 584px\" \/><\/p>\n<p><img loading=\"lazy\" decoding=\"async\" class=\"alignnone size-large wp-image-173\" src=\"https:\/\/www.wiesler-emlichheim.de\/wp-content\/uploads\/2023\/02\/Juist1-1024x683.jpg\" alt=\"\" width=\"584\" height=\"390\" srcset=\"https:\/\/www.wiesler-emlichheim.de\/wp-content\/uploads\/2023\/02\/Juist1-1024x683.jpg 1024w, https:\/\/www.wiesler-emlichheim.de\/wp-content\/uploads\/2023\/02\/Juist1-300x200.jpg 300w, https:\/\/www.wiesler-emlichheim.de\/wp-content\/uploads\/2023\/02\/Juist1-768x512.jpg 768w, https:\/\/www.wiesler-emlichheim.de\/wp-content\/uploads\/2023\/02\/Juist1-1536x1024.jpg 1536w, https:\/\/www.wiesler-emlichheim.de\/wp-content\/uploads\/2023\/02\/Juist1-2048x1365.jpg 2048w, https:\/\/www.wiesler-emlichheim.de\/wp-content\/uploads\/2023\/02\/Juist1-450x300.jpg 450w\" sizes=\"auto, (max-width: 584px) 100vw, 584px\" \/><\/p>\n<p><img loading=\"lazy\" decoding=\"async\" class=\"alignnone size-large wp-image-174\" src=\"https:\/\/www.wiesler-emlichheim.de\/wp-content\/uploads\/2023\/02\/Juist2-1024x683.jpg\" alt=\"\" width=\"584\" height=\"390\" srcset=\"https:\/\/www.wiesler-emlichheim.de\/wp-content\/uploads\/2023\/02\/Juist2-1024x683.jpg 1024w, https:\/\/www.wiesler-emlichheim.de\/wp-content\/uploads\/2023\/02\/Juist2-300x200.jpg 300w, https:\/\/www.wiesler-emlichheim.de\/wp-content\/uploads\/2023\/02\/Juist2-768x512.jpg 768w, https:\/\/www.wiesler-emlichheim.de\/wp-content\/uploads\/2023\/02\/Juist2-1536x1024.jpg 1536w, https:\/\/www.wiesler-emlichheim.de\/wp-content\/uploads\/2023\/02\/Juist2-2048x1365.jpg 2048w, https:\/\/www.wiesler-emlichheim.de\/wp-content\/uploads\/2023\/02\/Juist2-450x300.jpg 450w\" sizes=\"auto, (max-width: 584px) 100vw, 584px\" \/><\/p>\n<p>&nbsp;<\/p>\n<p style=\"text-align: center;\"><img loading=\"lazy\" decoding=\"async\" class=\"alignnone size-large wp-image-158\" src=\"https:\/\/www.wiesler-emlichheim.de\/wp-content\/uploads\/2023\/02\/juist-ausblick-1024x683.jpg\" alt=\"\" width=\"584\" height=\"390\" srcset=\"https:\/\/www.wiesler-emlichheim.de\/wp-content\/uploads\/2023\/02\/juist-ausblick-1024x683.jpg 1024w, https:\/\/www.wiesler-emlichheim.de\/wp-content\/uploads\/2023\/02\/juist-ausblick-300x200.jpg 300w, https:\/\/www.wiesler-emlichheim.de\/wp-content\/uploads\/2023\/02\/juist-ausblick-768x512.jpg 768w, https:\/\/www.wiesler-emlichheim.de\/wp-content\/uploads\/2023\/02\/juist-ausblick-1536x1024.jpg 1536w, https:\/\/www.wiesler-emlichheim.de\/wp-content\/uploads\/2023\/02\/juist-ausblick-2048x1365.jpg 2048w, https:\/\/www.wiesler-emlichheim.de\/wp-content\/uploads\/2023\/02\/juist-ausblick-450x300.jpg 450w\" sizes=\"auto, (max-width: 584px) 100vw, 584px\" \/><\/p>\n<p>&nbsp;<\/p>\n<p style=\"text-align: center;\"><img loading=\"lazy\" decoding=\"async\" class=\"alignnone size-large wp-image-159\" src=\"https:\/\/www.wiesler-emlichheim.de\/wp-content\/uploads\/2023\/02\/juist-sanddorn-1024x761.jpg\" alt=\"\" width=\"584\" height=\"434\" srcset=\"https:\/\/www.wiesler-emlichheim.de\/wp-content\/uploads\/2023\/02\/juist-sanddorn-1024x761.jpg 1024w, https:\/\/www.wiesler-emlichheim.de\/wp-content\/uploads\/2023\/02\/juist-sanddorn-300x223.jpg 300w, https:\/\/www.wiesler-emlichheim.de\/wp-content\/uploads\/2023\/02\/juist-sanddorn-768x571.jpg 768w, https:\/\/www.wiesler-emlichheim.de\/wp-content\/uploads\/2023\/02\/juist-sanddorn-1536x1142.jpg 1536w, https:\/\/www.wiesler-emlichheim.de\/wp-content\/uploads\/2023\/02\/juist-sanddorn-2048x1523.jpg 2048w, https:\/\/www.wiesler-emlichheim.de\/wp-content\/uploads\/2023\/02\/juist-sanddorn-404x300.jpg 404w\" sizes=\"auto, (max-width: 584px) 100vw, 584px\" \/><\/p>\n<p><img loading=\"lazy\" decoding=\"async\" class=\"alignnone size-large wp-image-336\" src=\"https:\/\/www.wiesler-emlichheim.de\/wp-content\/uploads\/2023\/05\/Juist-Ginster-1024x827.jpg\" alt=\"\" width=\"584\" height=\"472\" srcset=\"https:\/\/www.wiesler-emlichheim.de\/wp-content\/uploads\/2023\/05\/Juist-Ginster-1024x827.jpg 1024w, https:\/\/www.wiesler-emlichheim.de\/wp-content\/uploads\/2023\/05\/Juist-Ginster-300x242.jpg 300w, https:\/\/www.wiesler-emlichheim.de\/wp-content\/uploads\/2023\/05\/Juist-Ginster-768x620.jpg 768w, https:\/\/www.wiesler-emlichheim.de\/wp-content\/uploads\/2023\/05\/Juist-Ginster-1536x1241.jpg 1536w, https:\/\/www.wiesler-emlichheim.de\/wp-content\/uploads\/2023\/05\/Juist-Ginster-2048x1654.jpg 2048w, https:\/\/www.wiesler-emlichheim.de\/wp-content\/uploads\/2023\/05\/Juist-Ginster-371x300.jpg 371w\" sizes=\"auto, (max-width: 584px) 100vw, 584px\" \/><\/p>\n<p style=\"text-align: center;\"><img loading=\"lazy\" decoding=\"async\" class=\"alignnone size-large wp-image-189\" src=\"https:\/\/www.wiesler-emlichheim.de\/wp-content\/uploads\/2023\/02\/Juist-Strand-1024x683.jpg\" alt=\"\" width=\"584\" height=\"390\" srcset=\"https:\/\/www.wiesler-emlichheim.de\/wp-content\/uploads\/2023\/02\/Juist-Strand-1024x683.jpg 1024w, https:\/\/www.wiesler-emlichheim.de\/wp-content\/uploads\/2023\/02\/Juist-Strand-300x200.jpg 300w, https:\/\/www.wiesler-emlichheim.de\/wp-content\/uploads\/2023\/02\/Juist-Strand-768x512.jpg 768w, https:\/\/www.wiesler-emlichheim.de\/wp-content\/uploads\/2023\/02\/Juist-Strand-1536x1024.jpg 1536w, https:\/\/www.wiesler-emlichheim.de\/wp-content\/uploads\/2023\/02\/Juist-Strand-2048x1365.jpg 2048w, https:\/\/www.wiesler-emlichheim.de\/wp-content\/uploads\/2023\/02\/Juist-Strand-450x300.jpg 450w\" sizes=\"auto, (max-width: 584px) 100vw, 584px\" \/><\/p>\n<p style=\"text-align: center;\"><img loading=\"lazy\" decoding=\"async\" class=\"alignnone size-full wp-image-197\" src=\"https:\/\/www.wiesler-emlichheim.de\/wp-content\/uploads\/2023\/02\/Juist-Strandkoerbe-Kurhaus.jpg\" alt=\"\" width=\"898\" height=\"559\" srcset=\"https:\/\/www.wiesler-emlichheim.de\/wp-content\/uploads\/2023\/02\/Juist-Strandkoerbe-Kurhaus.jpg 898w, https:\/\/www.wiesler-emlichheim.de\/wp-content\/uploads\/2023\/02\/Juist-Strandkoerbe-Kurhaus-300x187.jpg 300w, https:\/\/www.wiesler-emlichheim.de\/wp-content\/uploads\/2023\/02\/Juist-Strandkoerbe-Kurhaus-768x478.jpg 768w, https:\/\/www.wiesler-emlichheim.de\/wp-content\/uploads\/2023\/02\/Juist-Strandkoerbe-Kurhaus-482x300.jpg 482w\" sizes=\"auto, (max-width: 898px) 100vw, 898px\" \/><\/p>\n<p><img loading=\"lazy\" decoding=\"async\" class=\"alignnone size-large wp-image-155\" src=\"https:\/\/www.wiesler-emlichheim.de\/wp-content\/uploads\/2023\/02\/juist-stranabbruch-1024x683.jpg\" alt=\"\" width=\"584\" height=\"390\" srcset=\"https:\/\/www.wiesler-emlichheim.de\/wp-content\/uploads\/2023\/02\/juist-stranabbruch-1024x683.jpg 1024w, https:\/\/www.wiesler-emlichheim.de\/wp-content\/uploads\/2023\/02\/juist-stranabbruch-300x200.jpg 300w, https:\/\/www.wiesler-emlichheim.de\/wp-content\/uploads\/2023\/02\/juist-stranabbruch-768x512.jpg 768w, https:\/\/www.wiesler-emlichheim.de\/wp-content\/uploads\/2023\/02\/juist-stranabbruch-1536x1024.jpg 1536w, https:\/\/www.wiesler-emlichheim.de\/wp-content\/uploads\/2023\/02\/juist-stranabbruch-2048x1365.jpg 2048w, https:\/\/www.wiesler-emlichheim.de\/wp-content\/uploads\/2023\/02\/juist-stranabbruch-450x300.jpg 450w\" sizes=\"auto, (max-width: 584px) 100vw, 584px\" \/><\/p>\n<p style=\"text-align: center;\"><img loading=\"lazy\" decoding=\"async\" class=\"alignnone size-large wp-image-195\" src=\"https:\/\/www.wiesler-emlichheim.de\/wp-content\/uploads\/2023\/02\/Juist-Sturmflut-2013-1024x768.jpg\" alt=\"\" width=\"584\" height=\"438\" srcset=\"https:\/\/www.wiesler-emlichheim.de\/wp-content\/uploads\/2023\/02\/Juist-Sturmflut-2013-1024x768.jpg 1024w, https:\/\/www.wiesler-emlichheim.de\/wp-content\/uploads\/2023\/02\/Juist-Sturmflut-2013-300x225.jpg 300w, https:\/\/www.wiesler-emlichheim.de\/wp-content\/uploads\/2023\/02\/Juist-Sturmflut-2013-768x576.jpg 768w, https:\/\/www.wiesler-emlichheim.de\/wp-content\/uploads\/2023\/02\/Juist-Sturmflut-2013-1536x1152.jpg 1536w, https:\/\/www.wiesler-emlichheim.de\/wp-content\/uploads\/2023\/02\/Juist-Sturmflut-2013-2048x1536.jpg 2048w, https:\/\/www.wiesler-emlichheim.de\/wp-content\/uploads\/2023\/02\/Juist-Sturmflut-2013-400x300.jpg 400w\" sizes=\"auto, (max-width: 584px) 100vw, 584px\" \/><\/p>\n<p><img loading=\"lazy\" decoding=\"async\" class=\"alignnone size-full wp-image-198\" src=\"https:\/\/www.wiesler-emlichheim.de\/wp-content\/uploads\/2023\/02\/Juist-Strandkoerbe-nur-Strand.jpg\" alt=\"\" width=\"900\" height=\"600\" srcset=\"https:\/\/www.wiesler-emlichheim.de\/wp-content\/uploads\/2023\/02\/Juist-Strandkoerbe-nur-Strand.jpg 900w, https:\/\/www.wiesler-emlichheim.de\/wp-content\/uploads\/2023\/02\/Juist-Strandkoerbe-nur-Strand-300x200.jpg 300w, https:\/\/www.wiesler-emlichheim.de\/wp-content\/uploads\/2023\/02\/Juist-Strandkoerbe-nur-Strand-768x512.jpg 768w, https:\/\/www.wiesler-emlichheim.de\/wp-content\/uploads\/2023\/02\/Juist-Strandkoerbe-nur-Strand-450x300.jpg 450w\" sizes=\"auto, (max-width: 900px) 100vw, 900px\" \/><\/p>\n<p><img loading=\"lazy\" decoding=\"async\" class=\"alignnone size-large wp-image-176\" src=\"https:\/\/www.wiesler-emlichheim.de\/wp-content\/uploads\/2023\/02\/Juist-Strandgut-1024x743.jpg\" alt=\"\" width=\"584\" height=\"424\" srcset=\"https:\/\/www.wiesler-emlichheim.de\/wp-content\/uploads\/2023\/02\/Juist-Strandgut-1024x743.jpg 1024w, https:\/\/www.wiesler-emlichheim.de\/wp-content\/uploads\/2023\/02\/Juist-Strandgut-300x218.jpg 300w, https:\/\/www.wiesler-emlichheim.de\/wp-content\/uploads\/2023\/02\/Juist-Strandgut-768x557.jpg 768w, https:\/\/www.wiesler-emlichheim.de\/wp-content\/uploads\/2023\/02\/Juist-Strandgut-1536x1114.jpg 1536w, https:\/\/www.wiesler-emlichheim.de\/wp-content\/uploads\/2023\/02\/Juist-Strandgut-2048x1485.jpg 2048w, https:\/\/www.wiesler-emlichheim.de\/wp-content\/uploads\/2023\/02\/Juist-Strandgut-414x300.jpg 414w\" sizes=\"auto, (max-width: 584px) 100vw, 584px\" \/><\/p>\n<p style=\"text-align: center;\"><img loading=\"lazy\" decoding=\"async\" class=\"alignnone size-large wp-image-211\" src=\"https:\/\/www.wiesler-emlichheim.de\/wp-content\/uploads\/2023\/02\/Juist-Strand-Wolken-1024x683.jpg\" alt=\"\" width=\"584\" height=\"390\" srcset=\"https:\/\/www.wiesler-emlichheim.de\/wp-content\/uploads\/2023\/02\/Juist-Strand-Wolken-1024x683.jpg 1024w, https:\/\/www.wiesler-emlichheim.de\/wp-content\/uploads\/2023\/02\/Juist-Strand-Wolken-300x200.jpg 300w, https:\/\/www.wiesler-emlichheim.de\/wp-content\/uploads\/2023\/02\/Juist-Strand-Wolken-768x512.jpg 768w, https:\/\/www.wiesler-emlichheim.de\/wp-content\/uploads\/2023\/02\/Juist-Strand-Wolken-1536x1024.jpg 1536w, https:\/\/www.wiesler-emlichheim.de\/wp-content\/uploads\/2023\/02\/Juist-Strand-Wolken-2048x1365.jpg 2048w, https:\/\/www.wiesler-emlichheim.de\/wp-content\/uploads\/2023\/02\/Juist-Strand-Wolken-450x300.jpg 450w\" sizes=\"auto, (max-width: 584px) 100vw, 584px\" \/><\/p>\n<p style=\"text-align: center;\"><img loading=\"lazy\" decoding=\"async\" class=\"alignnone size-large wp-image-154\" src=\"https:\/\/www.wiesler-emlichheim.de\/wp-content\/uploads\/2023\/02\/juist-sonnenuntergang-1024x683.jpg\" alt=\"\" width=\"584\" height=\"390\" srcset=\"https:\/\/www.wiesler-emlichheim.de\/wp-content\/uploads\/2023\/02\/juist-sonnenuntergang-1024x683.jpg 1024w, https:\/\/www.wiesler-emlichheim.de\/wp-content\/uploads\/2023\/02\/juist-sonnenuntergang-300x200.jpg 300w, https:\/\/www.wiesler-emlichheim.de\/wp-content\/uploads\/2023\/02\/juist-sonnenuntergang-768x512.jpg 768w, https:\/\/www.wiesler-emlichheim.de\/wp-content\/uploads\/2023\/02\/juist-sonnenuntergang-1536x1024.jpg 1536w, https:\/\/www.wiesler-emlichheim.de\/wp-content\/uploads\/2023\/02\/juist-sonnenuntergang-2048x1365.jpg 2048w, https:\/\/www.wiesler-emlichheim.de\/wp-content\/uploads\/2023\/02\/juist-sonnenuntergang-450x300.jpg 450w\" sizes=\"auto, (max-width: 584px) 100vw, 584px\" \/><\/p>\n<p style=\"text-align: center;\"><img loading=\"lazy\" decoding=\"async\" class=\"alignnone size-large wp-image-152\" src=\"https:\/\/www.wiesler-emlichheim.de\/wp-content\/uploads\/2023\/02\/juist-Wilhelmshoehe-1024x683.jpg\" alt=\"\" width=\"584\" height=\"390\" srcset=\"https:\/\/www.wiesler-emlichheim.de\/wp-content\/uploads\/2023\/02\/juist-Wilhelmshoehe-1024x683.jpg 1024w, https:\/\/www.wiesler-emlichheim.de\/wp-content\/uploads\/2023\/02\/juist-Wilhelmshoehe-300x200.jpg 300w, https:\/\/www.wiesler-emlichheim.de\/wp-content\/uploads\/2023\/02\/juist-Wilhelmshoehe-768x512.jpg 768w, https:\/\/www.wiesler-emlichheim.de\/wp-content\/uploads\/2023\/02\/juist-Wilhelmshoehe-1536x1024.jpg 1536w, https:\/\/www.wiesler-emlichheim.de\/wp-content\/uploads\/2023\/02\/juist-Wilhelmshoehe-2048x1365.jpg 2048w, https:\/\/www.wiesler-emlichheim.de\/wp-content\/uploads\/2023\/02\/juist-Wilhelmshoehe-450x300.jpg 450w\" sizes=\"auto, (max-width: 584px) 100vw, 584px\" \/><\/p>\n<p style=\"text-align: center;\"><span style=\"font-size: 14pt;\">Juist: Wilhelmsh\u00f6he<\/span><\/p>\n<p style=\"text-align: center;\"><img loading=\"lazy\" decoding=\"async\" class=\"alignnone size-large wp-image-141\" src=\"https:\/\/www.wiesler-emlichheim.de\/wp-content\/uploads\/2023\/02\/juist-domaene-bill-1024x683.jpg\" alt=\"\" width=\"584\" height=\"390\" srcset=\"https:\/\/www.wiesler-emlichheim.de\/wp-content\/uploads\/2023\/02\/juist-domaene-bill-1024x683.jpg 1024w, https:\/\/www.wiesler-emlichheim.de\/wp-content\/uploads\/2023\/02\/juist-domaene-bill-300x200.jpg 300w, https:\/\/www.wiesler-emlichheim.de\/wp-content\/uploads\/2023\/02\/juist-domaene-bill-768x512.jpg 768w, https:\/\/www.wiesler-emlichheim.de\/wp-content\/uploads\/2023\/02\/juist-domaene-bill-1536x1024.jpg 1536w, https:\/\/www.wiesler-emlichheim.de\/wp-content\/uploads\/2023\/02\/juist-domaene-bill-2048x1365.jpg 2048w, https:\/\/www.wiesler-emlichheim.de\/wp-content\/uploads\/2023\/02\/juist-domaene-bill-450x300.jpg 450w\" sizes=\"auto, (max-width: 584px) 100vw, 584px\" \/><\/p>\n<p style=\"text-align: center;\"><span style=\"font-size: 14pt;\">Juist: Dom\u00e4ne Bill<\/span><\/p>\n<p>&nbsp;<\/p>\n<p style=\"text-align: center;\"><img loading=\"lazy\" decoding=\"async\" class=\"alignnone size-large wp-image-112 aligncenter\" src=\"https:\/\/www.wiesler-emlichheim.de\/wp-content\/uploads\/2023\/02\/IMG_0621-1024x768.jpg\" alt=\"\" width=\"584\" height=\"438\" srcset=\"https:\/\/www.wiesler-emlichheim.de\/wp-content\/uploads\/2023\/02\/IMG_0621-1024x768.jpg 1024w, https:\/\/www.wiesler-emlichheim.de\/wp-content\/uploads\/2023\/02\/IMG_0621-300x225.jpg 300w, https:\/\/www.wiesler-emlichheim.de\/wp-content\/uploads\/2023\/02\/IMG_0621-768x576.jpg 768w, https:\/\/www.wiesler-emlichheim.de\/wp-content\/uploads\/2023\/02\/IMG_0621-1536x1152.jpg 1536w, https:\/\/www.wiesler-emlichheim.de\/wp-content\/uploads\/2023\/02\/IMG_0621-2048x1536.jpg 2048w, https:\/\/www.wiesler-emlichheim.de\/wp-content\/uploads\/2023\/02\/IMG_0621-400x300.jpg 400w\" sizes=\"auto, (max-width: 584px) 100vw, 584px\" \/><span style=\"font-size: 14pt;\">R\u00fcckreise von Juist<\/span><\/p>\n<p>&nbsp;<\/p>\n<p><img loading=\"lazy\" decoding=\"async\" class=\"alignnone size-large wp-image-138\" src=\"https:\/\/www.wiesler-emlichheim.de\/wp-content\/uploads\/2023\/02\/IMG_0625-1024x768.jpg\" alt=\"\" width=\"584\" height=\"438\" srcset=\"https:\/\/www.wiesler-emlichheim.de\/wp-content\/uploads\/2023\/02\/IMG_0625-1024x768.jpg 1024w, https:\/\/www.wiesler-emlichheim.de\/wp-content\/uploads\/2023\/02\/IMG_0625-300x225.jpg 300w, https:\/\/www.wiesler-emlichheim.de\/wp-content\/uploads\/2023\/02\/IMG_0625-768x576.jpg 768w, https:\/\/www.wiesler-emlichheim.de\/wp-content\/uploads\/2023\/02\/IMG_0625-1536x1152.jpg 1536w, https:\/\/www.wiesler-emlichheim.de\/wp-content\/uploads\/2023\/02\/IMG_0625-2048x1536.jpg 2048w, https:\/\/www.wiesler-emlichheim.de\/wp-content\/uploads\/2023\/02\/IMG_0625-400x300.jpg 400w\" sizes=\"auto, (max-width: 584px) 100vw, 584px\" \/><\/p>\n<p style=\"text-align: center;\"><span style=\"font-size: 14pt;\">Kein Spielzeug: Ein echtes Seenotrettungsboot vor Juist<\/span><\/p>\n","protected":false},"excerpt":{"rendered":"<p>&nbsp; &nbsp; Juist: Wilhelmsh\u00f6he Juist: Dom\u00e4ne Bill &nbsp; R\u00fcckreise von Juist &nbsp; Kein Spielzeug: Ein echtes Seenotrettungsboot vor Juist<\/p>\n","protected":false},"author":2,"featured_media":0,"parent":0,"menu_order":0,"comment_status":"closed","ping_status":"closed","template":"","meta":{"footnotes":""},"class_list":["post-110","page","type-page","status-publish","hentry"],"_links":{"self":[{"href":"https:\/\/www.wiesler-emlichheim.de\/index.php?rest_route=\/wp\/v2\/pages\/110","targetHints":{"allow":["GET"]}}],"collection":[{"href":"https:\/\/www.wiesler-emlichheim.de\/index.php?rest_route=\/wp\/v2\/pages"}],"about":[{"href":"https:\/\/www.wiesler-emlichheim.de\/index.php?rest_route=\/wp\/v2\/types\/page"}],"author":[{"embeddable":true,"href":"https:\/\/www.wiesler-emlichheim.de\/index.php?rest_route=\/wp\/v2\/users\/2"}],"replies":[{"embeddable":true,"href":"https:\/\/www.wiesler-emlichheim.de\/index.php?rest_route=%2Fwp%2Fv2%2Fcomments&post=110"}],"version-history":[{"count":19,"href":"https:\/\/www.wiesler-emlichheim.de\/index.php?rest_route=\/wp\/v2\/pages\/110\/revisions"}],"predecessor-version":[{"id":338,"href":"https:\/\/www.wiesler-emlichheim.de\/index.php?rest_route=\/wp\/v2\/pages\/110\/revisions\/338"}],"wp:attachment":[{"href":"https:\/\/www.wiesler-emlichheim.de\/index.php?rest_route=%2Fwp%2Fv2%2Fmedia&parent=110"}],"curies":[{"name":"wp","href":"https:\/\/api.w.org\/{rel}","templated":true}]}}